{"id":63,"date":"2025-09-28T17:34:29","date_gmt":"2025-09-28T15:34:29","guid":{"rendered":"https:\/\/jakaladowarkaev.pl\/?page_id=63"},"modified":"2025-09-29T10:25:55","modified_gmt":"2025-09-29T08:25:55","slug":"wanderly","status":"publish","type":"page","link":"https:\/\/jakaladowarkaev.pl\/","title":{"rendered":"Home"},"content":{"rendered":"\t\t<div data-elementor-type=\"wp-page\" data-elementor-id=\"63\" class=\"elementor elementor-63\" data-elementor-post-type=\"page\">\n\t\t\t\t<div class=\"elementor-element elementor-element-d66bd60 e-con-full e-flex e-con e-parent\" data-id=\"d66bd60\" data-element_type=\"container\" data-settings=\"{&quot;background_background&quot;:&quot;classic&quot;}\">\n\t\t<div class=\"elementor-element elementor-element-73663fe e-flex e-con-boxed e-con e-child\" data-id=\"73663fe\" data-element_type=\"container\">\n\t\t\t\t\t<div class=\"e-con-inner\">\n\t\t\t\t<div class=\"elementor-element elementor-element-6000605 elementor-widget elementor-widget-heading\" data-id=\"6000605\" data-element_type=\"widget\" data-widget_type=\"heading.default\">\n\t\t\t\t\t<h2 class=\"elementor-heading-title elementor-size-default\">Jak\u0105 \u0142adowark\u0119\nwybra\u0107?<\/h2>\t\t\t\t<\/div>\n\t\t\t\t\t<\/div>\n\t\t\t\t<\/div>\n\t\t<div class=\"elementor-element elementor-element-25c0464 e-flex e-con-boxed e-con e-child\" data-id=\"25c0464\" data-element_type=\"container\">\n\t\t\t\t\t<div class=\"e-con-inner\">\n\t\t\t\t<div class=\"elementor-element elementor-element-d6375d2 elementor-widget elementor-widget-image\" data-id=\"d6375d2\" data-element_type=\"widget\" data-widget_type=\"image.default\">\n\t\t\t\t\t\t\t\t\t\t\t\t\t\t\t<img decoding=\"async\" src=\"https:\/\/jakaladowarkaev.pl\/wp-content\/uploads\/2025\/09\/On3.png\" title=\"On3\" alt=\"On3\" loading=\"lazy\" \/>\t\t\t\t\t\t\t\t\t\t\t\t\t\t\t<\/div>\n\t\t\t\t\t<\/div>\n\t\t\t\t<\/div>\n\t\t\t\t<\/div>\n\t\t<div class=\"elementor-element elementor-element-93fe67e e-con-full e-flex e-con e-parent\" data-id=\"93fe67e\" data-element_type=\"container\">\n\t\t\t\t<div class=\"elementor-element elementor-element-c17f378 elementor-widget elementor-widget-hfe-basic-posts\" data-id=\"c17f378\" data-element_type=\"widget\" data-widget_type=\"hfe-basic-posts.default\">\n\t\t\t\t<div class=\"elementor-widget-container\">\n\t\t\t\t\t\n<div class=\"hfe-posts-grid\">\n\t\t\t<article class=\"hfe-post-card\">\n\t\t\t\n\t\t\t<div class=\"hfe-post-content\">\n\t\t\t\t\t\t\t\t\t<h3 class=\"hfe-post-title\">\n\t\t\t\t\t\t<a href=\"https:\/\/jakaladowarkaev.pl\/?p=172\" rel=\"bookmark\">\n\t\t\t\t\t\t\tArtyku\u0142 1\t\t\t\t\t\t<\/a>\n\t\t\t\t\t<\/h3>\n\t\t\t\t\n\t\t\t\t\t\t\t\t\t<div class=\"hfe-post-meta\">\n\t\t\t\t\t\t<span class=\"hfe-post-date\">2025-09-29<\/span><span class=\"hfe-meta-separator\"> | <\/span><span class=\"hfe-post-author\">by admin<\/span>\t\t\t\t\t<\/div>\n\t\t\t\t\n\t\t\t\t\t\t\t\t\t<div class=\"hfe-post-excerpt\">\n\t\t\t\t\t\tHEHEHA\t\t\t\t\t<\/div>\n\t\t\t\t\n\t\t\t\t\t\t\t\t\t<a href=\"https:\/\/jakaladowarkaev.pl\/?p=172\" class=\"hfe-read-more\" rel=\"bookmark\">\n\t\t\t\t\t\tRead More \u2192\t\t\t\t\t<\/a>\n\t\t\t\t\t\t\t<\/div>\n\t\t<\/article>\n\t\t\t\t<article class=\"hfe-post-card\">\n\t\t\t\n\t\t\t<div class=\"hfe-post-content\">\n\t\t\t\t\t\t\t\t\t<h3 class=\"hfe-post-title\">\n\t\t\t\t\t\t<a href=\"https:\/\/jakaladowarkaev.pl\/?p=155\" rel=\"bookmark\">\n\t\t\t\t\t\t\tTEST\t\t\t\t\t\t<\/a>\n\t\t\t\t\t<\/h3>\n\t\t\t\t\n\t\t\t\t\t\t\t\t\t<div class=\"hfe-post-meta\">\n\t\t\t\t\t\t<span class=\"hfe-post-date\">2025-09-29<\/span><span class=\"hfe-meta-separator\"> | <\/span><span class=\"hfe-post-author\">by admin<\/span>\t\t\t\t\t<\/div>\n\t\t\t\t\n\t\t\t\t\t\t\t\t\t<div class=\"hfe-post-excerpt\">\n\t\t\t\t\t\tTekst\t\t\t\t\t<\/div>\n\t\t\t\t\n\t\t\t\t\t\t\t\t\t<a href=\"https:\/\/jakaladowarkaev.pl\/?p=155\" class=\"hfe-read-more\" rel=\"bookmark\">\n\t\t\t\t\t\tRead More \u2192\t\t\t\t\t<\/a>\n\t\t\t\t\t\t\t<\/div>\n\t\t<\/article>\n\t\t<\/div>\n\t\t\t\t<\/div>\n\t\t\t\t<\/div>\n\t\t\t\t<\/div>\n\t\t\t\t<section class=\"elementor-section elementor-top-section elementor-element elementor-element-5ceb363 elementor-section-boxed elementor-section-height-default elementor-section-height-default\" data-id=\"5ceb363\" data-element_type=\"section\" id=\"top_section\" data-settings=\"{&quot;background_background&quot;:&quot;classic&quot;}\">\n\t\t\t\t\t\t<div class=\"elementor-container elementor-column-gap-no\">\n\t\t\t\t\t<div class=\"elementor-column elementor-col-33 elementor-top-column elementor-element elementor-element-bf7574c\" data-id=\"bf7574c\" data-element_type=\"column\">\n\t\t\t<div class=\"elementor-widget-wrap elementor-element-populated\">\n\t\t\t\t\t\t<div class=\"elementor-element elementor-element-ce4026f elementor-position-top elementor-invisible elementor-widget elementor-widget-image-box\" data-id=\"ce4026f\" data-element_type=\"widget\" data-settings=\"{&quot;_animation&quot;:&quot;fadeInLeft&quot;}\" data-widget_type=\"image-box.default\">\n\t\t\t\t\t<div class=\"elementor-image-box-wrapper\"><figure class=\"elementor-image-box-img\"><img fetchpriority=\"high\" decoding=\"async\" width=\"371\" height=\"500\" src=\"https:\/\/jakaladowarkaev.pl\/wp-content\/uploads\/2025\/09\/4a83b494-image-3.jpg\" class=\"attachment-full size-full wp-image-77\" alt=\"\" srcset=\"https:\/\/jakaladowarkaev.pl\/wp-content\/uploads\/2025\/09\/4a83b494-image-3.jpg 371w, https:\/\/jakaladowarkaev.pl\/wp-content\/uploads\/2025\/09\/4a83b494-image-3-223x300.jpg 223w\" sizes=\"(max-width: 371px) 100vw, 371px\" \/><\/figure><div class=\"elementor-image-box-content\"><h3 class=\"elementor-image-box-title\">Philippines<\/h3><p class=\"elementor-image-box-description\">Adventure<\/p><\/div><\/div>\t\t\t\t<\/div>\n\t\t\t\t\t<\/div>\n\t\t<\/div>\n\t\t\t\t<div class=\"elementor-column elementor-col-33 elementor-top-column elementor-element elementor-element-82adbf9\" data-id=\"82adbf9\" data-element_type=\"column\">\n\t\t\t<div class=\"elementor-widget-wrap elementor-element-populated\">\n\t\t\t\t\t\t<div class=\"elementor-element elementor-element-6828174 elementor-position-top elementor-invisible elementor-widget elementor-widget-image-box\" data-id=\"6828174\" data-element_type=\"widget\" data-settings=\"{&quot;_animation&quot;:&quot;zoomIn&quot;}\" data-widget_type=\"image-box.default\">\n\t\t\t\t\t<div class=\"elementor-image-box-wrapper\"><figure class=\"elementor-image-box-img\"><img decoding=\"async\" width=\"371\" height=\"501\" src=\"https:\/\/jakaladowarkaev.pl\/wp-content\/uploads\/2025\/09\/a78725cc-image-4.jpg\" class=\"attachment-full size-full wp-image-78\" alt=\"\" srcset=\"https:\/\/jakaladowarkaev.pl\/wp-content\/uploads\/2025\/09\/a78725cc-image-4.jpg 371w, https:\/\/jakaladowarkaev.pl\/wp-content\/uploads\/2025\/09\/a78725cc-image-4-222x300.jpg 222w\" sizes=\"(max-width: 371px) 100vw, 371px\" \/><\/figure><div class=\"elementor-image-box-content\"><h3 class=\"elementor-image-box-title\">Indonesia<\/h3><p class=\"elementor-image-box-description\">Adventure<\/p><\/div><\/div>\t\t\t\t<\/div>\n\t\t\t\t\t<\/div>\n\t\t<\/div>\n\t\t\t\t<div class=\"elementor-column elementor-col-33 elementor-top-column elementor-element elementor-element-07efa54\" data-id=\"07efa54\" data-element_type=\"column\">\n\t\t\t<div class=\"elementor-widget-wrap elementor-element-populated\">\n\t\t\t\t\t\t<div class=\"elementor-element elementor-element-12e1fbc elementor-position-top elementor-invisible elementor-widget elementor-widget-image-box\" data-id=\"12e1fbc\" data-element_type=\"widget\" data-settings=\"{&quot;_animation&quot;:&quot;fadeInRight&quot;}\" data-widget_type=\"image-box.default\">\n\t\t\t\t\t<div class=\"elementor-image-box-wrapper\"><figure class=\"elementor-image-box-img\"><img decoding=\"async\" width=\"371\" height=\"500\" src=\"https:\/\/jakaladowarkaev.pl\/wp-content\/uploads\/2025\/09\/0d3f9ecf-image-5.jpg\" class=\"attachment-full size-full wp-image-79\" alt=\"\" srcset=\"https:\/\/jakaladowarkaev.pl\/wp-content\/uploads\/2025\/09\/0d3f9ecf-image-5.jpg 371w, https:\/\/jakaladowarkaev.pl\/wp-content\/uploads\/2025\/09\/0d3f9ecf-image-5-223x300.jpg 223w\" sizes=\"(max-width: 371px) 100vw, 371px\" \/><\/figure><div class=\"elementor-image-box-content\"><h3 class=\"elementor-image-box-title\">Vietnam<\/h3><p class=\"elementor-image-box-description\">Adventure<\/p><\/div><\/div>\t\t\t\t<\/div>\n\t\t\t\t\t<\/div>\n\t\t<\/div>\n\t\t\t\t\t<\/div>\n\t\t<\/section>\n\t\t\t\t<\/div>\n\t\t","protected":false},"excerpt":{"rendered":"<p>Jak\u0105 \u0142adowark\u0119 wybra\u0107? TEST 2025-09-29 | by admin Tekst Read More \u2192 Philippines Adventure Indonesia Adventure Vietnam Adventure<\/p>\n","protected":false},"author":1,"featured_media":0,"parent":0,"menu_order":0,"comment_status":"closed","ping_status":"closed","template":"elementor_header_footer","meta":{"footnotes":""},"class_list":["post-63","page","type-page","status-publish","hentry"],"_links":{"self":[{"href":"https:\/\/jakaladowarkaev.pl\/index.php?rest_route=\/wp\/v2\/pages\/63","targetHints":{"allow":["GET"]}}],"collection":[{"href":"https:\/\/jakaladowarkaev.pl\/index.php?rest_route=\/wp\/v2\/pages"}],"about":[{"href":"https:\/\/jakaladowarkaev.pl\/index.php?rest_route=\/wp\/v2\/types\/page"}],"author":[{"embeddable":true,"href":"https:\/\/jakaladowarkaev.pl\/index.php?rest_route=\/wp\/v2\/users\/1"}],"replies":[{"embeddable":true,"href":"https:\/\/jakaladowarkaev.pl\/index.php?rest_route=%2Fwp%2Fv2%2Fcomments&post=63"}],"version-history":[{"count":62,"href":"https:\/\/jakaladowarkaev.pl\/index.php?rest_route=\/wp\/v2\/pages\/63\/revisions"}],"predecessor-version":[{"id":160,"href":"https:\/\/jakaladowarkaev.pl\/index.php?rest_route=\/wp\/v2\/pages\/63\/revisions\/160"}],"wp:attachment":[{"href":"https:\/\/jakaladowarkaev.pl\/index.php?rest_route=%2Fwp%2Fv2%2Fmedia&parent=63"}],"curies":[{"name":"wp","href":"https:\/\/api.w.org\/{rel}","templated":true}]}}